{"id":523,"date":"2022-05-09T12:18:20","date_gmt":"2022-05-09T12:18:20","guid":{"rendered":"https:\/\/deg-impact.web-vorschau.com\/impressum\/"},"modified":"2026-03-05T07:05:34","modified_gmt":"2026-03-05T07:05:34","slug":"imprint","status":"publish","type":"page","link":"https:\/\/degimpact.de\/en\/imprint\/","title":{"rendered":"Site Notice"},"content":{"rendered":"<h2><\/h2>\n<h2>Information pursuant to Sect. 5 German Telemedia Act (TMG)<\/h2>\n<p>DEG Impact GmbH<br \/>\nK\u00e4mmergasse 22<br \/>\n50676 K\u00f6ln<\/p>\n<p>&nbsp;<\/p>\n<p>Commercial Register: HRB 98880<br \/>\nRegistration court: Amtsgericht K\u00f6ln<\/p>\n<p>&nbsp;<\/p>\n<p><strong>Represented by:<\/strong><br \/>\nThomas Klein, Gerd L\u00fcckel<\/p>\n<p>&nbsp;<\/p>\n<h2>Contact<\/h2>\n<p>Phone: +49 221 4986 4010<br \/>\nTelefax: +49 221 4986 40910<br \/>\nE-mail: info@degimpact.de<\/p>\n<p>&nbsp;<\/p>\n<h2>VAT ID<\/h2>\n<p>Sales tax identification number according to Sect. 27 a of the Sales Tax Law:<br \/>\nDE 331579643<\/p>\n<p>&nbsp;<\/p>\n<h2>EU dispute resolution<\/h2>\n<p>The European Commission provides a platform for online dispute resolution (ODR):\u00a0<a href=\"https:\/\/ec.europa.eu\/consumers\/odr\" target=\"_blank\" rel=\"noopener noreferrer\">https:\/\/ec.europa.eu\/consumers\/odr<\/a>.<br \/>\nOur e-mail address can be found above in the site notice.<\/p>\n<p>&nbsp;<\/p>\n<h2>Dispute resolution proceedings in front of a consumer arbitration board<\/h2>\n<p>We are not willing or obliged to participate in dispute resolution proceedings in front of a consumer arbitration board.<\/p>\n<p>&nbsp;<\/p>\n<h3>Liability for Contents<\/h3>\n<p>&nbsp;<\/p>\n<p>As service providers, we are liable for own contents of these websites according to Paragraph 7, Sect. 1 German Telemedia Act (TMG). However, according to Paragraphs 8 to 10 German Telemedia Act (TMG), service providers are not obligated to permanently monitor submitted or stored information or to search for evidences that indicate illegal activities.<\/p>\n<p>&nbsp;<\/p>\n<p>Legal obligations to removing information or to blocking the use of information remain unchallenged. In this case, liability is only possible at the time of knowledge about a specific violation of law. Illegal contents will be removed immediately at the time we get knowledge of them.<\/p>\n<p>&nbsp;<\/p>\n<h3>Liability for Links<\/h3>\n<p>&nbsp;<\/p>\n<p>Our offer includes links to external third-party websites. We have no influence on the contents of those websites, therefore we cannot guarantee for those contents. Providers or administrators of linked websites are always responsible for their own contents.<\/p>\n<p>&nbsp;<\/p>\n<p>The linked websites had been checked for possible violations of law at the time of the establishment of the link. Illegal contents were not detected at the time of the linking. A permanent monitoring of the contents of linked websites cannot be imposed without reasonable indications that there has been a violation of law. Illegal links will be removed immediately at the time we get knowledge of them.<\/p>\n<p>&nbsp;<\/p>\n<h3>Copyright<\/h3>\n<p>&nbsp;<\/p>\n<p>Contents and compilations published on these websites by the providers are subject to German copyright laws. Reproduction, editing, distribution as well as the use of any kind outside the scope of the copyright law require a written permission of the author or originator. Downloads and copies of these websites are permitted for private use only.<br \/>\nThe commercial use of our contents without permission of the originator is prohibited.<\/p>\n<p>&nbsp;<\/p>\n<p>Copyright laws of third parties are respected as long as the contents on these websites do not originate from the provider. Contributions of third parties on this site are indicated as such. However, if you notice any violations of copyright law, please inform us. Such contents will be removed immediately.<\/p>\n<p>&nbsp;<\/p>\n<h2>License<\/h2>\n<p>Pursuant to Section 15 (1) WpIG, the Company has been granted permission to provide the following financial services:<\/p>\n<ul>\n<li>Investment brokerage (Section 2 (2) No. 3 WpIG)<\/li>\n<li>Investment advice (Section 2 (2) No. 4 WpIG)<\/li>\n<\/ul>\n<p><strong>Note on investment advice:<\/strong><br \/>\nDEG Impact GmbH only provides investment consulting services to professional clients.<\/p>\n<p><a href=\"https:\/\/degimpact.de\/wp-content\/uploads\/2022\/07\/Kundeninformationen_DEG_Impact.pdf\">Client information DEG Impact<\/a><\/p>\n<p>&nbsp;<\/p>\n<h2>Complaint mechanism<\/h2>\n<p>Complaints must be submitted in text form. Complaints can be submitted by e-mail or per mail\/post in German or English.<\/p>\n<p>&nbsp;<\/p>\n<p>DEG Impact will acknowledge the receipt of your complaint within five working days. It will be decided on the eligibility of your complaint and about the further process steps. After assessing the complaint, you will receive a response with information about alternative dispute resolution.<\/p>\n<p>&nbsp;<\/p>\n<p><strong>By email:<\/strong><\/p>\n<p>&nbsp;<\/p>\n<p>Please send your complaint to the following email address:\u00a0<a href=\"mailto:beschwerde@degimpact.de\">beschwerde@degimpact.de<\/a><\/p>\n<p>&nbsp;<\/p>\n<p><strong>By mail\/post:<\/strong><\/p>\n<p>&nbsp;<\/p>\n<p>Please send your complaint to the following address:<br \/>\nComplaints Office<br \/>\nDEG Impact GmbH<br \/>\nK\u00e4mmergasse 22<br \/>\n50676 Cologne<br \/>\nGermany<\/p>\n<p>&nbsp;<\/p>\n<h2>Contact details f\u00fcr ombudsperson<\/h2>\n<p><strong>Arndt Brillinger<\/strong><br \/>\nOmbudsman, including Ombudsman Compliance for various companies and organisations<\/p>\n<p>&nbsp;<\/p>\n<p>Phone: +49 (0)721-915465-68<br \/>\nFax: +49 (0)721-915465-80<br \/>\nE-Mail:\u00a0<a href=\"mailto:kfw@brillinger-rechtsanwaelte.eu\" target=\"_blank\" rel=\"noreferrer noopener\">kfw@brillinger-rechtsanwaelte.eu<\/a><br \/>\n<a href=\"http:\/\/www.brillinger-rechtsanwaelte.eu\/index.php\/kontakt\">http:\/\/www.brillinger-rechtsanwaelte.eu\/index.php\/kontakt<\/a><\/p>\n<p>&nbsp;<\/p>\n<h2>Resonsible supervisory authority<\/h2>\n<p>Federal Financial Supervisory Authority (BaFin)<br \/>\nGraurheindorfer Str. 108<br \/>\n53117 Bonn<br \/>\nGermany<\/p>\n<p>&nbsp;<\/p>\n<h2>Investor-compensation scheme<\/h2>\n<p>Entsch\u00e4digungseinrichtung der Wertpapierhandelsunternehmen (EdW)<br \/>\n10865 Berlin<br \/>\nGermany<br \/>\n(<a href=\"https:\/\/www.e-d-w.de\/index-2.html\">www.e-d-w.de<\/a>)<\/p>\n","protected":false},"excerpt":{"rendered":"<p>Information pursuant to Sect. 5 German Telemedia Act (TMG) DEG Impact GmbH K\u00e4mmergasse 22 50676 K\u00f6ln &nbsp; Commercial Register: HRB 98880 Registration court: Amtsgericht K\u00f6ln &nbsp; Represented by: Thomas Klein, Gerd L\u00fcckel &nbsp; Contact Phone: +49 221 4986 4010 Telefax: +49 221 4986 40910 E-mail: info@degimpact.de &nbsp; VAT ID Sales tax identification number according to [&hellip;]<\/p>\n","protected":false},"author":7,"featured_media":0,"parent":0,"menu_order":0,"comment_status":"closed","ping_status":"closed","template":"","meta":{"footnotes":""},"class_list":["post-523","page","type-page","status-publish","hentry"],"acf":[],"_links":{"self":[{"href":"https:\/\/degimpact.de\/en\/wp-json\/wp\/v2\/pages\/523","targetHints":{"allow":["GET"]}}],"collection":[{"href":"https:\/\/degimpact.de\/en\/wp-json\/wp\/v2\/pages"}],"about":[{"href":"https:\/\/degimpact.de\/en\/wp-json\/wp\/v2\/types\/page"}],"author":[{"embeddable":true,"href":"https:\/\/degimpact.de\/en\/wp-json\/wp\/v2\/users\/7"}],"replies":[{"embeddable":true,"href":"https:\/\/degimpact.de\/en\/wp-json\/wp\/v2\/comments?post=523"}],"version-history":[{"count":13,"href":"https:\/\/degimpact.de\/en\/wp-json\/wp\/v2\/pages\/523\/revisions"}],"predecessor-version":[{"id":1948,"href":"https:\/\/degimpact.de\/en\/wp-json\/wp\/v2\/pages\/523\/revisions\/1948"}],"wp:attachment":[{"href":"https:\/\/degimpact.de\/en\/wp-json\/wp\/v2\/media?parent=523"}],"curies":[{"name":"wp","href":"https:\/\/api.w.org\/{rel}","templated":true}]}}